{"id":522,"date":"2023-09-30T10:24:44","date_gmt":"2023-09-30T10:24:44","guid":{"rendered":"https:\/\/ng-energy.de\/?page_id=522"},"modified":"2024-02-28T14:36:33","modified_gmt":"2024-02-28T14:36:33","slug":"impressum","status":"publish","type":"page","link":"https:\/\/ng-energy.de\/?page_id=522","title":{"rendered":"Impressum"},"content":{"rendered":"\t\t<div data-elementor-type=\"wp-page\" data-elementor-id=\"522\" class=\"elementor elementor-522\">\n\t\t\t\t\t\t<section class=\"elementor-section elementor-top-section elementor-element elementor-element-f6c12a1 elementor-section-boxed elementor-section-height-default elementor-section-height-default\" data-id=\"f6c12a1\" data-element_type=\"section\" data-e-type=\"section\" data-settings=\"{&quot;background_background&quot;:&quot;classic&quot;}\">\n\t\t\t\t\t\t<div class=\"elementor-container elementor-column-gap-default\">\n\t\t\t\t\t<div class=\"elementor-column elementor-col-100 elementor-top-column elementor-element elementor-element-de9ba96\" data-id=\"de9ba96\" data-element_type=\"column\" data-e-type=\"column\">\n\t\t\t<div class=\"elementor-widget-wrap elementor-element-populated\">\n\t\t\t\t\t\t<div class=\"elementor-element elementor-element-4affc73 eael-hamburger--none eael_simple_menu_hamburger_disable_selected_menu_no eael-simple-menu-hamburger-align-right elementor-widget elementor-widget-eael-simple-menu\" data-id=\"4affc73\" data-element_type=\"widget\" data-e-type=\"widget\" data-widget_type=\"eael-simple-menu.default\">\n\t\t\t\t<div class=\"elementor-widget-container\">\n\t\t\t\t\t            <div data-hamburger-icon=\"&lt;i aria-hidden=&quot;true&quot; class=&quot;fas fa-bars&quot;&gt;&lt;\/i&gt;\" data-indicator-icon=\"&lt;i aria-hidden=&quot;true&quot; class=&quot;fas fa-angle-down&quot;&gt;&lt;\/i&gt;\" data-dropdown-indicator-icon=\"&lt;i class=&quot;fas fa-angle-down&quot;&gt;&lt;\/i&gt;\" class=\"eael-simple-menu-container eael-simple-menu--loading eael-simple-menu-align-left eael-simple-menu-dropdown-align-left preset-1\" data-hamburger-breakpoints=\"{&quot;mobile&quot;:&quot;Mobil Hochformat (&gt; 767px)&quot;,&quot;tablet&quot;:&quot;Tablet Hochformat (&gt; 1024px)&quot;,&quot;desktop&quot;:&quot;Desktop (&gt; 2400px)&quot;,&quot;none&quot;:&quot;None&quot;}\" data-hamburger-device=\"none\">\n                                <button class=\"eael-simple-menu-toggle\">\n                    <span class=\"sr-only \">Hamburger Toggle Menu<\/span>\n                    <i aria-hidden=\"true\" class=\"fas fa-bars\"><\/i>                <\/button>\n            <\/div>\n            \t\t\t\t<\/div>\n\t\t\t\t<\/div>\n\t\t\t\t\t<\/div>\n\t\t<\/div>\n\t\t\t\t\t<\/div>\n\t\t<\/section>\n\t\t\t\t<section class=\"elementor-section elementor-top-section elementor-element elementor-element-73e0afd7 elementor-section-boxed elementor-section-height-default elementor-section-height-default\" data-id=\"73e0afd7\" data-element_type=\"section\" data-e-type=\"section\" data-settings=\"{&quot;background_background&quot;:&quot;classic&quot;}\">\n\t\t\t\t\t\t<div class=\"elementor-container elementor-column-gap-default\">\n\t\t\t\t\t<div class=\"elementor-column elementor-col-100 elementor-top-column elementor-element elementor-element-6e1d7e5b\" data-id=\"6e1d7e5b\" data-element_type=\"column\" data-e-type=\"column\">\n\t\t\t<div class=\"elementor-widget-wrap elementor-element-populated\">\n\t\t\t\t\t\t<div class=\"elementor-element elementor-element-1bdc34e6 elementor-widget elementor-widget-text-editor\" data-id=\"1bdc34e6\" data-element_type=\"widget\" data-e-type=\"widget\" data-widget_type=\"text-editor.default\">\n\t\t\t\t<div class=\"elementor-widget-container\">\n\t\t\t\t\t\t\t\t\t<p><span style=\"color: #004d7c; font-family: var( --e-global-typography-text-font-family ), Sans-serif; font-weight: var( --e-global-typography-text-font-weight ); font-size: 0.9375rem;\">Verantwortlich f\u00fcr den Inhalt dieser Website:<\/span><\/p>\n<p><span style=\"color: #004d7c;\">ng eNerGy Ingenieur- und Baugesellschaft mbH<\/span><br><span style=\"color: #004d7c;\">Heu\u00dfweg 103<\/span><br><span style=\"color: #004d7c;\">20255 Hamburg<\/span><br><span style=\"color: #004d7c;\">Tel. : +49 (0) 157 70 30 71 06<\/span><br><span style=\"color: #004d7c;\">luigi.nuzzo@ng-energy.de<\/span><\/p><p><span style=\"color: #004d7c;\">[HBR 183140]<\/span><\/p>\n<p><span style=\"color: #004d7c;\">Vertretungsberechtigte Person:<\/span><\/p>\n<p><span style=\"color: #004d7c;\">Luigi Nuzzo<\/span><\/p>\n<p><span style=\"color: #004d7c;\">Haftungshinweis:<\/span><\/p>\n<p><span style=\"color: #004d7c;\">Trotz sorgf\u00e4ltiger inhaltlicher Kontrolle \u00fcbernehmen wir keine Haftung f\u00fcr die Inhalte externer Links. F\u00fcr den Inhalt der verlinkten Seiten sind ausschlie\u00dflich deren Betreiber verantwortlich.<\/span><\/p>\n<p><span style=\"color: #004d7c;\">Urheberrecht:<\/span><\/p>\n<p><span style=\"color: #004d7c;\">Die auf dieser Website ver\u00f6ffentlichten Inhalte und Werke sind urheberrechtlich gesch\u00fctzt. Jede vom Urheberrechtsgesetz nicht zugelassene Verwertung bedarf der vorherigen schriftlichen Zustimmung des jeweiligen Autors oder Urhebers.<\/span><\/p>\n<p><span style=\"color: #004d7c;\">Datenschutz:<\/span><\/p>\n<p><span style=\"color: #004d7c;\">Informationen zum Datenschutz finden Sie in unserer Datenschutzerkl\u00e4rung.<\/span><\/p>\n<p><span style=\"color: #004d7c;\">&nbsp;<\/span><\/p>\n<p><span style=\"color: #004d7c;\">&nbsp;<\/span><\/p>\n<p><span style=\"color: #004d7c; font-family: var( --e-global-typography-text-font-family ), Sans-serif; font-weight: var( --e-global-typography-text-font-weight ); font-size: 1rem;\">Kontakt:<\/span><\/p>\n<p><span style=\"color: #004d7c;\">Bei Fragen oder Anliegen k\u00f6nnen Sie uns unter den oben angegebenen Kontaktdaten erreichen.<\/span><\/p>\n<p><\/p>\t\t\t\t\t\t\t\t<\/div>\n\t\t\t\t<\/div>\n\t\t\t\t<div class=\"elementor-element elementor-element-e3cfe09 elementor-absolute elementor-widget elementor-widget-button\" data-id=\"e3cfe09\" data-element_type=\"widget\" data-e-type=\"widget\" data-settings=\"{&quot;_position&quot;:&quot;absolute&quot;}\" data-widget_type=\"button.default\">\n\t\t\t\t<div class=\"elementor-widget-container\">\n\t\t\t\t\t\t\t\t\t<div class=\"elementor-button-wrapper\">\n\t\t\t\t\t<a class=\"elementor-button elementor-button-link elementor-size-sm\" href=\"https:\/\/ng-energy.de\/?page_id=3\" target=\"_blank\">\n\t\t\t\t\t\t<span class=\"elementor-button-content-wrapper\">\n\t\t\t\t\t\t\t\t\t<span class=\"elementor-button-text\">Datenschutzerkl\u00e4rung<\/span>\n\t\t\t\t\t<\/span>\n\t\t\t\t\t<\/a>\n\t\t\t\t<\/div>\n\t\t\t\t\t\t\t\t<\/div>\n\t\t\t\t<\/div>\n\t\t\t\t\t<\/div>\n\t\t<\/div>\n\t\t\t\t\t<\/div>\n\t\t<\/section>\n\t\t\t\t<\/div>\n\t\t","protected":false},"excerpt":{"rendered":"<p>Home Verantwortlich f\u00fcr den Inhalt dieser Website: ng eNerGy Ingenieur- und Baugesellschaft mbHHeu\u00dfweg 10320255 HamburgTel. : +49 (0) 157 70 30 71 06luigi.nuzzo@ng-energy.de [HBR 183140] Vertretungsberechtigte Person: Luigi Nuzzo Haftungshinweis: Trotz sorgf\u00e4ltiger inhaltlicher Kontrolle \u00fcbernehmen wir keine Haftung f\u00fcr die Inhalte externer Links. F\u00fcr den Inhalt der verlinkten Seiten sind ausschlie\u00dflich deren Betreiber verantwortlich. Urheberrecht: &hellip; <\/p>\n<p class=\"link-more\"><a href=\"https:\/\/ng-energy.de\/?page_id=522\" class=\"more-link\"><span class=\"screen-reader-text\">\u201eImpressum\u201c<\/span> weiterlesen<\/a><\/p>\n","protected":false},"author":2,"featured_media":0,"parent":0,"menu_order":0,"comment_status":"closed","ping_status":"closed","template":"","meta":{"_eb_attr":"","inline_featured_image":false,"footnotes":""},"class_list":["post-522","page","type-page","status-publish","hentry"],"_links":{"self":[{"href":"https:\/\/ng-energy.de\/index.php?rest_route=\/wp\/v2\/pages\/522","targetHints":{"allow":["GET"]}}],"collection":[{"href":"https:\/\/ng-energy.de\/index.php?rest_route=\/wp\/v2\/pages"}],"about":[{"href":"https:\/\/ng-energy.de\/index.php?rest_route=\/wp\/v2\/types\/page"}],"author":[{"embeddable":true,"href":"https:\/\/ng-energy.de\/index.php?rest_route=\/wp\/v2\/users\/2"}],"replies":[{"embeddable":true,"href":"https:\/\/ng-energy.de\/index.php?rest_route=%2Fwp%2Fv2%2Fcomments&post=522"}],"version-history":[{"count":43,"href":"https:\/\/ng-energy.de\/index.php?rest_route=\/wp\/v2\/pages\/522\/revisions"}],"predecessor-version":[{"id":1024,"href":"https:\/\/ng-energy.de\/index.php?rest_route=\/wp\/v2\/pages\/522\/revisions\/1024"}],"wp:attachment":[{"href":"https:\/\/ng-energy.de\/index.php?rest_route=%2Fwp%2Fv2%2Fmedia&parent=522"}],"curies":[{"name":"wp","href":"https:\/\/api.w.org\/{rel}","templated":true}]}}